{"id":13,"date":"2011-01-20T14:41:47","date_gmt":"2011-01-20T13:41:47","guid":{"rendered":"http:\/\/www.alttraktorenfreunde.de\/?page_id=13"},"modified":"2026-04-03T10:30:44","modified_gmt":"2026-04-03T09:30:44","slug":"fotos","status":"publish","type":"page","link":"https:\/\/www.alttraktorenfreunde.de\/?page_id=13","title":{"rendered":"Fotos"},"content":{"rendered":"<p>Bitte w\u00e4hlen Sie das entsprechende Jahr f\u00fcr die Fotos aus oder benutzen Sie die Men\u00fcleiste oben.<\/p>\n<ul>\n<li style=\"list-style-type: none;\">\n<ul>\n<li><a href=\"https:\/\/www.alttraktorenfreunde.de\/?page_id=458\">Archiv Foto des Monats<\/a><\/li>\n<\/ul>\n<\/li>\n<li><a href=\"https:\/\/www.alttraktorenfreunde.de\/?page_id=16984\">2026<\/a><\/li>\n<li><a href=\"https:\/\/www.alttraktorenfreunde.de\/?page_id=16576\">2025<\/a><\/li>\n<li><a href=\"https:\/\/www.alttraktorenfreunde.de\/?page_id=16207\">2024<\/a><\/li>\n<li><a href=\"https:\/\/www.alttraktorenfreunde.de\/?page_id=15957\">2023<\/a><\/li>\n<li><a href=\"https:\/\/www.alttraktorenfreunde.de\/?page_id=15208\">2022<\/a><\/li>\n<li><a href=\"https:\/\/www.alttraktorenfreunde.de\/?page_id=15057\">2021<\/a><\/li>\n<li><a href=\"https:\/\/www.alttraktorenfreunde.de\/?page_id=14770\">2020<\/a><\/li>\n<li><a href=\"https:\/\/www.alttraktorenfreunde.de\/?page_id=13978\">2019<\/a><\/li>\n<li><a href=\"https:\/\/www.alttraktorenfreunde.de\/?page_id=12369\">2018<\/a><\/li>\n<li><a href=\"https:\/\/www.alttraktorenfreunde.de\/?page_id=10887\">2017<\/a><\/li>\n<li><a href=\"https:\/\/www.alttraktorenfreunde.de\/?page_id=8662\">2016<\/a><\/li>\n<li><a href=\"https:\/\/www.alttraktorenfreunde.de\/?page_id=1902\">2015<\/a><\/li>\n<li><a href=\"https:\/\/www.alttraktorenfreunde.de\/?page_id=558\">2014<\/a><\/li>\n<li><a href=\"https:\/\/www.alttraktorenfreunde.de\/?page_id=325\">2013<\/a><\/li>\n<li><a href=\"https:\/\/www.alttraktorenfreunde.de\/?page_id=255\">2012<\/a><\/li>\n<li><a href=\"https:\/\/www.alttraktorenfreunde.de\/?page_id=150\">2011<\/a><\/li>\n<li><a href=\"https:\/\/www.alttraktorenfreunde.de\/?page_id=148\">2010<\/a><\/li>\n<li><a href=\"https:\/\/www.alttraktorenfreunde.de\/?page_id=146\">2009<\/a><\/li>\n<li><a href=\"https:\/\/www.alttraktorenfreunde.de\/?page_id=144\">2008<\/a><\/li>\n<li><a href=\"https:\/\/www.alttraktorenfreunde.de\/?page_id=142\">2007<\/a><\/li>\n<li><a href=\"https:\/\/www.alttraktorenfreunde.de\/?page_id=140\">2006<\/a><\/li>\n<li><a href=\"https:\/\/www.alttraktorenfreunde.de\/?page_id=138\">2005<\/a><\/li>\n<li><a href=\"https:\/\/www.alttraktorenfreunde.de\/?page_id=118\">2004<\/a><\/li>\n<li><a href=\"https:\/\/www.alttraktorenfreunde.de\/?page_id=116\">2003<\/a><\/li>\n<\/ul>\n<p><!--more--><\/p>\n<p><!--more--><\/p>\n","protected":false},"excerpt":{"rendered":"<p>Bitte w\u00e4hlen Sie das entsprechende Jahr f\u00fcr die Fotos aus oder benutzen Sie die Men\u00fcleiste oben. Archiv Foto des Monats 2026 2025 2024 2023 2022 2021 2020 2019 2018 2017 2016 2015 2014 2013 2012 2011 2010 2009 2008 2007 &hellip; <a href=\"https:\/\/www.alttraktorenfreunde.de\/?page_id=13\">Weiterlesen <span class=\"meta-nav\">&rarr;<\/span><\/a><\/p>\n","protected":false},"author":1,"featured_media":0,"parent":0,"menu_order":2,"comment_status":"closed","ping_status":"open","template":"","meta":{"ngg_post_thumbnail":0,"_mc_calendar":[],"footnotes":""},"class_list":["post-13","page","type-page","status-publish","hentry"],"_links":{"self":[{"href":"https:\/\/www.alttraktorenfreunde.de\/index.php?rest_route=\/wp\/v2\/pages\/13","targetHints":{"allow":["GET"]}}],"collection":[{"href":"https:\/\/www.alttraktorenfreunde.de\/index.php?rest_route=\/wp\/v2\/pages"}],"about":[{"href":"https:\/\/www.alttraktorenfreunde.de\/index.php?rest_route=\/wp\/v2\/types\/page"}],"author":[{"embeddable":true,"href":"https:\/\/www.alttraktorenfreunde.de\/index.php?rest_route=\/wp\/v2\/users\/1"}],"replies":[{"embeddable":true,"href":"https:\/\/www.alttraktorenfreunde.de\/index.php?rest_route=%2Fwp%2Fv2%2Fcomments&post=13"}],"version-history":[{"count":37,"href":"https:\/\/www.alttraktorenfreunde.de\/index.php?rest_route=\/wp\/v2\/pages\/13\/revisions"}],"predecessor-version":[{"id":16986,"href":"https:\/\/www.alttraktorenfreunde.de\/index.php?rest_route=\/wp\/v2\/pages\/13\/revisions\/16986"}],"wp:attachment":[{"href":"https:\/\/www.alttraktorenfreunde.de\/index.php?rest_route=%2Fwp%2Fv2%2Fmedia&parent=13"}],"curies":[{"name":"wp","href":"https:\/\/api.w.org\/{rel}","templated":true}]}}