{"id":191,"date":"2011-08-04T17:33:30","date_gmt":"2011-08-04T16:33:30","guid":{"rendered":"http:\/\/www.alttraktorenfreunde.de\/?page_id=191"},"modified":"2024-01-19T16:43:12","modified_gmt":"2024-01-19T15:43:12","slug":"videos","status":"publish","type":"page","link":"https:\/\/www.alttraktorenfreunde.de\/?page_id=191","title":{"rendered":"Video&#8217;s"},"content":{"rendered":"<p>Bitte w\u00e4hlen Sie das entsprechende Jahr f\u00fcr die Video`s aus oder benutzen Sie die Men\u00fcleiste oben.<\/p>\n<ul>\n<li><a href=\"https:\/\/www.alttraktorenfreunde.de\/?page_id=14778\">2020<\/a><\/li>\n<li><a href=\"https:\/\/www.alttraktorenfreunde.de\/?page_id=13982\">2019<\/a><\/li>\n<li><a href=\"https:\/\/www.alttraktorenfreunde.de\/?page_id=12371\">2018<\/a><\/li>\n<li><a href=\"https:\/\/www.alttraktorenfreunde.de\/?page_id=10923\">2017<\/a><\/li>\n<li><a href=\"https:\/\/www.alttraktorenfreunde.de\/?page_id=8854\">2016<\/a><\/li>\n<li><a href=\"https:\/\/www.alttraktorenfreunde.de\/?page_id=5849\">2015<\/a><\/li>\n<li><a href=\"https:\/\/www.alttraktorenfreunde.de\/?page_id=620\">2014<\/a><\/li>\n<li><a href=\"https:\/\/www.alttraktorenfreunde.de\/?page_id=331\">2013<\/a><\/li>\n<li><a href=\"https:\/\/www.alttraktorenfreunde.de\/?page_id=237\">2012<\/a><\/li>\n<li><a href=\"https:\/\/www.alttraktorenfreunde.de\/?page_id=234\">2011<\/a><\/li>\n<\/ul>\n","protected":false},"excerpt":{"rendered":"<p>Bitte w\u00e4hlen Sie das entsprechende Jahr f\u00fcr die Video`s aus oder benutzen Sie die Men\u00fcleiste oben. 2020 2019 2018 2017 2016 2015 2014 2013 2012 2011<\/p>\n","protected":false},"author":2,"featured_media":0,"parent":0,"menu_order":3,"comment_status":"closed","ping_status":"open","template":"","meta":{"ngg_post_thumbnail":0,"_mc_calendar":[],"footnotes":""},"class_list":["post-191","page","type-page","status-publish","hentry"],"_links":{"self":[{"href":"https:\/\/www.alttraktorenfreunde.de\/index.php?rest_route=\/wp\/v2\/pages\/191","targetHints":{"allow":["GET"]}}],"collection":[{"href":"https:\/\/www.alttraktorenfreunde.de\/index.php?rest_route=\/wp\/v2\/pages"}],"about":[{"href":"https:\/\/www.alttraktorenfreunde.de\/index.php?rest_route=\/wp\/v2\/types\/page"}],"author":[{"embeddable":true,"href":"https:\/\/www.alttraktorenfreunde.de\/index.php?rest_route=\/wp\/v2\/users\/2"}],"replies":[{"embeddable":true,"href":"https:\/\/www.alttraktorenfreunde.de\/index.php?rest_route=%2Fwp%2Fv2%2Fcomments&post=191"}],"version-history":[{"count":30,"href":"https:\/\/www.alttraktorenfreunde.de\/index.php?rest_route=\/wp\/v2\/pages\/191\/revisions"}],"predecessor-version":[{"id":16243,"href":"https:\/\/www.alttraktorenfreunde.de\/index.php?rest_route=\/wp\/v2\/pages\/191\/revisions\/16243"}],"wp:attachment":[{"href":"https:\/\/www.alttraktorenfreunde.de\/index.php?rest_route=%2Fwp%2Fv2%2Fmedia&parent=191"}],"curies":[{"name":"wp","href":"https:\/\/api.w.org\/{rel}","templated":true}]}}