{"id":20,"date":"2011-01-20T14:55:37","date_gmt":"2011-01-20T13:55:37","guid":{"rendered":"http:\/\/www.alttraktorenfreunde.de\/?page_id=20"},"modified":"2024-01-19T16:45:57","modified_gmt":"2024-01-19T15:45:57","slug":"1955-klockner-h-deutz-schlepper","status":"publish","type":"page","link":"https:\/\/www.alttraktorenfreunde.de\/?page_id=20","title":{"rendered":"1955 Kl\u00f6ckner-H-Deutz Schlepper"},"content":{"rendered":"<p><strong>Kl\u00f6ckner-H-Deutz Schlepper mit einem 1330cm2 Diesel mit 11KW\/15PS, Baujahr 1955<\/strong><\/p>\n<p>Dieser Deutz mit einem M\u00e4hbalken der Firma S&amp;S arbeitet seit 1955 in der Landwirtschaft. Auch heute wird er noch genutzt um mit seinem M\u00e4hbalken die Weideumz\u00e4unung zuverl\u00e4ssig von zu hohem Bewuchs zu befreien.<\/p>\n<p><a href=\"https:\/\/www.alttraktorenfreunde.de\/wp-content\/uploads\/2011\/01\/deutz2.jpg\"><img loading=\"lazy\" decoding=\"async\" class=\"alignnone size-full wp-image-28\" title=\"15er Deutz mit M\u00e4hbalken\" src=\"https:\/\/www.alttraktorenfreunde.de\/wp-content\/uploads\/2011\/01\/deutz2.jpg\" alt=\"\" width=\"640\" height=\"480\" srcset=\"https:\/\/www.alttraktorenfreunde.de\/wp-content\/uploads\/2011\/01\/deutz2.jpg 640w, https:\/\/www.alttraktorenfreunde.de\/wp-content\/uploads\/2011\/01\/deutz2-300x225.jpg 300w\" sizes=\"auto, (max-width: 640px) 100vw, 640px\" \/><\/a><\/p>\n","protected":false},"excerpt":{"rendered":"<p>Kl\u00f6ckner-H-Deutz Schlepper mit einem 1330cm2 Diesel mit 11KW\/15PS, Baujahr 1955 Dieser Deutz mit einem M\u00e4hbalken der Firma S&amp;S arbeitet seit 1955 in der Landwirtschaft. Auch heute wird er noch genutzt um mit seinem M\u00e4hbalken die Weideumz\u00e4unung zuverl\u00e4ssig von zu hohem &hellip; <a href=\"https:\/\/www.alttraktorenfreunde.de\/?page_id=20\">Weiterlesen <span class=\"meta-nav\">&rarr;<\/span><\/a><\/p>\n","protected":false},"author":1,"featured_media":0,"parent":16,"menu_order":1,"comment_status":"closed","ping_status":"open","template":"","meta":{"ngg_post_thumbnail":0,"_mc_calendar":[],"footnotes":""},"class_list":["post-20","page","type-page","status-publish","hentry"],"_links":{"self":[{"href":"https:\/\/www.alttraktorenfreunde.de\/index.php?rest_route=\/wp\/v2\/pages\/20","targetHints":{"allow":["GET"]}}],"collection":[{"href":"https:\/\/www.alttraktorenfreunde.de\/index.php?rest_route=\/wp\/v2\/pages"}],"about":[{"href":"https:\/\/www.alttraktorenfreunde.de\/index.php?rest_route=\/wp\/v2\/types\/page"}],"author":[{"embeddable":true,"href":"https:\/\/www.alttraktorenfreunde.de\/index.php?rest_route=\/wp\/v2\/users\/1"}],"replies":[{"embeddable":true,"href":"https:\/\/www.alttraktorenfreunde.de\/index.php?rest_route=%2Fwp%2Fv2%2Fcomments&post=20"}],"version-history":[{"count":9,"href":"https:\/\/www.alttraktorenfreunde.de\/index.php?rest_route=\/wp\/v2\/pages\/20\/revisions"}],"predecessor-version":[{"id":16245,"href":"https:\/\/www.alttraktorenfreunde.de\/index.php?rest_route=\/wp\/v2\/pages\/20\/revisions\/16245"}],"up":[{"embeddable":true,"href":"https:\/\/www.alttraktorenfreunde.de\/index.php?rest_route=\/wp\/v2\/pages\/16"}],"wp:attachment":[{"href":"https:\/\/www.alttraktorenfreunde.de\/index.php?rest_route=%2Fwp%2Fv2%2Fmedia&parent=20"}],"curies":[{"name":"wp","href":"https:\/\/api.w.org\/{rel}","templated":true}]}}