{"id":234,"date":"2012-01-18T18:06:23","date_gmt":"2012-01-18T17:06:23","guid":{"rendered":"http:\/\/www.alttraktorenfreunde.de\/?page_id=234"},"modified":"2016-02-10T09:28:52","modified_gmt":"2016-02-10T08:28:52","slug":"2011-videos","status":"publish","type":"page","link":"https:\/\/www.alttraktorenfreunde.de\/?page_id=234","title":{"rendered":"2011-Video&#8217;s"},"content":{"rendered":"<p><iframe loading=\"lazy\" title=\"&quot;Kohltage Marne 2011&quot; Alttraktorenfreunde Westk\u00fcste e.V.\" width=\"584\" height=\"438\" src=\"https:\/\/www.youtube.com\/embed\/R6GVKemLFKE?feature=oembed\" frameborder=\"0\" allow=\"accelerometer; autoplay; clipboard-write; encrypted-media; gyroscope; picture-in-picture; web-share\" referrerpolicy=\"strict-origin-when-cross-origin\" allowfullscreen><\/iframe><\/p>\n<p><iframe loading=\"lazy\" title=\"Pfl\u00fcgen Barlt 2011 Alttraktorenfreunde Westk\u00fcste\" width=\"584\" height=\"438\" src=\"https:\/\/www.youtube.com\/embed\/D_XVsJ-Vdwg?feature=oembed\" frameborder=\"0\" allow=\"accelerometer; autoplay; clipboard-write; encrypted-media; gyroscope; picture-in-picture; web-share\" referrerpolicy=\"strict-origin-when-cross-origin\" allowfullscreen><\/iframe><\/p>\n<p><iframe loading=\"lazy\" title=\"Ausfahrt J\u00fctzb\u00fcttel 2011 mit Lanz Bulldog, Deutz, G\u00fcldner, Fendt\" width=\"584\" height=\"438\" src=\"https:\/\/www.youtube.com\/embed\/opUofy4yHDs?feature=oembed\" frameborder=\"0\" allow=\"accelerometer; autoplay; clipboard-write; encrypted-media; gyroscope; picture-in-picture; web-share\" referrerpolicy=\"strict-origin-when-cross-origin\" allowfullscreen><\/iframe><\/p>\n<p><iframe loading=\"lazy\" title=\"Deutz Mokema F1L 514\" width=\"584\" height=\"438\" src=\"https:\/\/www.youtube.com\/embed\/KGasU9bILg0?feature=oembed\" frameborder=\"0\" allow=\"accelerometer; autoplay; clipboard-write; encrypted-media; gyroscope; picture-in-picture; web-share\" referrerpolicy=\"strict-origin-when-cross-origin\" allowfullscreen><\/iframe><\/p>\n<p><iframe loading=\"lazy\" title=\"Lanz Bulldog &amp; Co. - Brickeln 2011\" width=\"584\" height=\"329\" src=\"https:\/\/www.youtube.com\/embed\/74LDogsElUI?feature=oembed\" frameborder=\"0\" allow=\"accelerometer; autoplay; clipboard-write; encrypted-media; gyroscope; picture-in-picture; web-share\" referrerpolicy=\"strict-origin-when-cross-origin\" allowfullscreen><\/iframe><\/p>\n<p><iframe loading=\"lazy\" title=\"Pfl\u00fcgen in J\u00fctzb\u00fcttel Lanz Bulldog, Deutz, Pampa\" width=\"584\" height=\"438\" src=\"https:\/\/www.youtube.com\/embed\/cDM5KuDHVW4?feature=oembed\" frameborder=\"0\" allow=\"accelerometer; autoplay; clipboard-write; encrypted-media; gyroscope; picture-in-picture; web-share\" referrerpolicy=\"strict-origin-when-cross-origin\" allowfullscreen><\/iframe><\/p>\n<p><iframe loading=\"lazy\" title=\"Lanz Bulldog &amp; Co. - J\u00fctzb\u00fcttel\" width=\"584\" height=\"329\" src=\"https:\/\/www.youtube.com\/embed\/3ph4AfDMeMg?feature=oembed\" frameborder=\"0\" allow=\"accelerometer; autoplay; clipboard-write; encrypted-media; gyroscope; picture-in-picture; web-share\" referrerpolicy=\"strict-origin-when-cross-origin\" allowfullscreen><\/iframe><\/p>\n<p><iframe loading=\"lazy\" title=\"Deutz F1L 514\/51 mit Kreiss\u00e4ge Wintertreffen Burg\" width=\"584\" height=\"438\" src=\"https:\/\/www.youtube.com\/embed\/mtU0ZQqdDWs?feature=oembed\" frameborder=\"0\" allow=\"accelerometer; autoplay; clipboard-write; encrypted-media; gyroscope; picture-in-picture; web-share\" referrerpolicy=\"strict-origin-when-cross-origin\" allowfullscreen><\/iframe><\/p>\n<p><iframe loading=\"lazy\" title=\"entastungss\u00e4ge klettert denn baum hoch 2.MPG\" width=\"584\" height=\"329\" src=\"https:\/\/www.youtube.com\/embed\/ZQ63tV2j2O0?feature=oembed\" frameborder=\"0\" allow=\"accelerometer; autoplay; clipboard-write; encrypted-media; gyroscope; picture-in-picture; web-share\" referrerpolicy=\"strict-origin-when-cross-origin\" allowfullscreen><\/iframe><\/p>\n<p><iframe loading=\"lazy\" title=\"Lanz Bulldog D6007 bei der Waldarbeit.MPG\" width=\"584\" height=\"329\" src=\"https:\/\/www.youtube.com\/embed\/zYTx0CU2HjQ?feature=oembed\" frameborder=\"0\" allow=\"accelerometer; autoplay; clipboard-write; encrypted-media; gyroscope; picture-in-picture; web-share\" referrerpolicy=\"strict-origin-when-cross-origin\" allowfullscreen><\/iframe><\/p>\n<p><iframe loading=\"lazy\" title=\"Pampa Bulldog bei der Waldarbeit.MPG\" width=\"584\" height=\"329\" src=\"https:\/\/www.youtube.com\/embed\/_A0f90b663g?feature=oembed\" frameborder=\"0\" allow=\"accelerometer; autoplay; clipboard-write; encrypted-media; gyroscope; picture-in-picture; web-share\" referrerpolicy=\"strict-origin-when-cross-origin\" allowfullscreen><\/iframe><\/p>\n<p><iframe loading=\"lazy\" title=\"Lanz Bulldog &amp; Co. - Brickeln 2010.\" width=\"584\" height=\"329\" src=\"https:\/\/www.youtube.com\/embed\/DQBQkahC0ZQ?feature=oembed\" frameborder=\"0\" allow=\"accelerometer; autoplay; clipboard-write; encrypted-media; gyroscope; picture-in-picture; web-share\" referrerpolicy=\"strict-origin-when-cross-origin\" allowfullscreen><\/iframe><\/p>\n","protected":false},"excerpt":{"rendered":"","protected":false},"author":2,"featured_media":0,"parent":191,"menu_order":21,"comment_status":"closed","ping_status":"open","template":"","meta":{"ngg_post_thumbnail":0,"_mc_calendar":[],"footnotes":""},"class_list":["post-234","page","type-page","status-publish","hentry"],"_links":{"self":[{"href":"https:\/\/www.alttraktorenfreunde.de\/index.php?rest_route=\/wp\/v2\/pages\/234","targetHints":{"allow":["GET"]}}],"collection":[{"href":"https:\/\/www.alttraktorenfreunde.de\/index.php?rest_route=\/wp\/v2\/pages"}],"about":[{"href":"https:\/\/www.alttraktorenfreunde.de\/index.php?rest_route=\/wp\/v2\/types\/page"}],"author":[{"embeddable":true,"href":"https:\/\/www.alttraktorenfreunde.de\/index.php?rest_route=\/wp\/v2\/users\/2"}],"replies":[{"embeddable":true,"href":"https:\/\/www.alttraktorenfreunde.de\/index.php?rest_route=%2Fwp%2Fv2%2Fcomments&post=234"}],"version-history":[{"count":5,"href":"https:\/\/www.alttraktorenfreunde.de\/index.php?rest_route=\/wp\/v2\/pages\/234\/revisions"}],"predecessor-version":[{"id":248,"href":"https:\/\/www.alttraktorenfreunde.de\/index.php?rest_route=\/wp\/v2\/pages\/234\/revisions\/248"}],"up":[{"embeddable":true,"href":"https:\/\/www.alttraktorenfreunde.de\/index.php?rest_route=\/wp\/v2\/pages\/191"}],"wp:attachment":[{"href":"https:\/\/www.alttraktorenfreunde.de\/index.php?rest_route=%2Fwp%2Fv2%2Fmedia&parent=234"}],"curies":[{"name":"wp","href":"https:\/\/api.w.org\/{rel}","templated":true}]}}