{"id":38,"date":"2011-01-20T15:14:42","date_gmt":"2011-01-20T14:14:42","guid":{"rendered":"http:\/\/www.alttraktorenfreunde.de\/?page_id=38"},"modified":"2024-01-19T16:46:21","modified_gmt":"2024-01-19T15:46:21","slug":"1958-klockner-h-deutz-schlepper","status":"publish","type":"page","link":"https:\/\/www.alttraktorenfreunde.de\/?page_id=38","title":{"rendered":"1958 Kl\u00f6ckner-H-Deutz Schlepper"},"content":{"rendered":"<p><strong>Kl\u00f6ckner-H-Deutz Schlepper mit einem 2660cm2 Diesel mit 22KW\/30PS, Baujahr 1958<\/strong><\/p>\n<p>Dieser Deutz mit Frontlader arbeitet seit 1958 in der Landwirtschaft. Zuverl\u00e4ssig verrichtet er auch heute noch seinen Dienst.<br \/>\nEine kleine Geschichte am Rande: An dem Tag als der Schlepper nach Hause geholt und stolz der Familie und Nachbarschaft gezeigt wurde, kam die Frage auf wie diese Maschine denn nun abgestellt w\u00fcrde. Der Landmaschinenh\u00e4ndler hatte vergessen dieses Detail zu erw\u00e4hnen&#8230;<\/p>\n<p><a href=\"https:\/\/www.alttraktorenfreunde.de\/wp-content\/uploads\/2011\/01\/deutz1.jpg\"><img loading=\"lazy\" decoding=\"async\" class=\"size-full wp-image-29 alignnone\" title=\"30er Deutz mit Frontlader\" src=\"https:\/\/www.alttraktorenfreunde.de\/wp-content\/uploads\/2011\/01\/deutz1.jpg\" alt=\"\" width=\"640\" height=\"480\" srcset=\"https:\/\/www.alttraktorenfreunde.de\/wp-content\/uploads\/2011\/01\/deutz1.jpg 640w, https:\/\/www.alttraktorenfreunde.de\/wp-content\/uploads\/2011\/01\/deutz1-300x225.jpg 300w\" sizes=\"auto, (max-width: 640px) 100vw, 640px\" \/><\/a><\/p>\n","protected":false},"excerpt":{"rendered":"<p>Kl\u00f6ckner-H-Deutz Schlepper mit einem 2660cm2 Diesel mit 22KW\/30PS, Baujahr 1958 Dieser Deutz mit Frontlader arbeitet seit 1958 in der Landwirtschaft. Zuverl\u00e4ssig verrichtet er auch heute noch seinen Dienst. Eine kleine Geschichte am Rande: An dem Tag als der Schlepper nach &hellip; <a href=\"https:\/\/www.alttraktorenfreunde.de\/?page_id=38\">Weiterlesen <span class=\"meta-nav\">&rarr;<\/span><\/a><\/p>\n","protected":false},"author":1,"featured_media":0,"parent":16,"menu_order":2,"comment_status":"closed","ping_status":"open","template":"","meta":{"ngg_post_thumbnail":0,"_mc_calendar":[],"footnotes":""},"class_list":["post-38","page","type-page","status-publish","hentry"],"_links":{"self":[{"href":"https:\/\/www.alttraktorenfreunde.de\/index.php?rest_route=\/wp\/v2\/pages\/38","targetHints":{"allow":["GET"]}}],"collection":[{"href":"https:\/\/www.alttraktorenfreunde.de\/index.php?rest_route=\/wp\/v2\/pages"}],"about":[{"href":"https:\/\/www.alttraktorenfreunde.de\/index.php?rest_route=\/wp\/v2\/types\/page"}],"author":[{"embeddable":true,"href":"https:\/\/www.alttraktorenfreunde.de\/index.php?rest_route=\/wp\/v2\/users\/1"}],"replies":[{"embeddable":true,"href":"https:\/\/www.alttraktorenfreunde.de\/index.php?rest_route=%2Fwp%2Fv2%2Fcomments&post=38"}],"version-history":[{"count":6,"href":"https:\/\/www.alttraktorenfreunde.de\/index.php?rest_route=\/wp\/v2\/pages\/38\/revisions"}],"predecessor-version":[{"id":16246,"href":"https:\/\/www.alttraktorenfreunde.de\/index.php?rest_route=\/wp\/v2\/pages\/38\/revisions\/16246"}],"up":[{"embeddable":true,"href":"https:\/\/www.alttraktorenfreunde.de\/index.php?rest_route=\/wp\/v2\/pages\/16"}],"wp:attachment":[{"href":"https:\/\/www.alttraktorenfreunde.de\/index.php?rest_route=%2Fwp%2Fv2%2Fmedia&parent=38"}],"curies":[{"name":"wp","href":"https:\/\/api.w.org\/{rel}","templated":true}]}}