{"id":45,"date":"2011-01-20T15:19:22","date_gmt":"2011-01-20T14:19:22","guid":{"rendered":"http:\/\/www.alttraktorenfreunde.de\/?page_id=45"},"modified":"2024-01-19T16:46:47","modified_gmt":"2024-01-19T15:46:47","slug":"1970-unimog-411a","status":"publish","type":"page","link":"https:\/\/www.alttraktorenfreunde.de\/?page_id=45","title":{"rendered":"1970 Unimog 411A"},"content":{"rendered":"<p><strong>Unimog 411A mit einem 1755cm2 Diesel mit 25KW\/34PS, Baujahr 1970<\/strong><\/p>\n<p>Dieser f\u00fcr die Landwirtschaft voll ausger\u00fcstete Unimog arbeitet seit 1970 zuverl\u00e4ssig immer noch auf dem gleichen Betrieb. Im Jahr 2002 erhielt er einen Baas-Schmidt-Frontlader sowie einen Schmidt-Keilschneepflug. Damit ist der Raum f\u00fcr m\u00f6gliche Anbauger\u00e4te und Sonderausstattungen nahezu ausgesch\u00f6pft!<\/p>\n<p><a href=\"https:\/\/www.alttraktorenfreunde.de\/wp-content\/uploads\/2011\/01\/unimog1.jpg\"><img loading=\"lazy\" decoding=\"async\" class=\"alignnone size-full wp-image-36\" title=\"Unimog 411A\" src=\"https:\/\/www.alttraktorenfreunde.de\/wp-content\/uploads\/2011\/01\/unimog1.jpg\" alt=\"\" width=\"640\" height=\"458\" srcset=\"https:\/\/www.alttraktorenfreunde.de\/wp-content\/uploads\/2011\/01\/unimog1.jpg 640w, https:\/\/www.alttraktorenfreunde.de\/wp-content\/uploads\/2011\/01\/unimog1-300x214.jpg 300w\" sizes=\"auto, (max-width: 640px) 100vw, 640px\" \/><\/a><\/p>\n","protected":false},"excerpt":{"rendered":"<p>Unimog 411A mit einem 1755cm2 Diesel mit 25KW\/34PS, Baujahr 1970 Dieser f\u00fcr die Landwirtschaft voll ausger\u00fcstete Unimog arbeitet seit 1970 zuverl\u00e4ssig immer noch auf dem gleichen Betrieb. Im Jahr 2002 erhielt er einen Baas-Schmidt-Frontlader sowie einen Schmidt-Keilschneepflug. Damit ist der &hellip; <a href=\"https:\/\/www.alttraktorenfreunde.de\/?page_id=45\">Weiterlesen <span class=\"meta-nav\">&rarr;<\/span><\/a><\/p>\n","protected":false},"author":1,"featured_media":0,"parent":16,"menu_order":3,"comment_status":"closed","ping_status":"open","template":"","meta":{"ngg_post_thumbnail":0,"_mc_calendar":[],"footnotes":""},"class_list":["post-45","page","type-page","status-publish","hentry"],"_links":{"self":[{"href":"https:\/\/www.alttraktorenfreunde.de\/index.php?rest_route=\/wp\/v2\/pages\/45","targetHints":{"allow":["GET"]}}],"collection":[{"href":"https:\/\/www.alttraktorenfreunde.de\/index.php?rest_route=\/wp\/v2\/pages"}],"about":[{"href":"https:\/\/www.alttraktorenfreunde.de\/index.php?rest_route=\/wp\/v2\/types\/page"}],"author":[{"embeddable":true,"href":"https:\/\/www.alttraktorenfreunde.de\/index.php?rest_route=\/wp\/v2\/users\/1"}],"replies":[{"embeddable":true,"href":"https:\/\/www.alttraktorenfreunde.de\/index.php?rest_route=%2Fwp%2Fv2%2Fcomments&post=45"}],"version-history":[{"count":4,"href":"https:\/\/www.alttraktorenfreunde.de\/index.php?rest_route=\/wp\/v2\/pages\/45\/revisions"}],"predecessor-version":[{"id":16247,"href":"https:\/\/www.alttraktorenfreunde.de\/index.php?rest_route=\/wp\/v2\/pages\/45\/revisions\/16247"}],"up":[{"embeddable":true,"href":"https:\/\/www.alttraktorenfreunde.de\/index.php?rest_route=\/wp\/v2\/pages\/16"}],"wp:attachment":[{"href":"https:\/\/www.alttraktorenfreunde.de\/index.php?rest_route=%2Fwp%2Fv2%2Fmedia&parent=45"}],"curies":[{"name":"wp","href":"https:\/\/api.w.org\/{rel}","templated":true}]}}