{"id":48,"date":"2011-01-20T15:21:52","date_gmt":"2011-01-20T14:21:52","guid":{"rendered":"http:\/\/www.alttraktorenfreunde.de\/?page_id=48"},"modified":"2024-01-19T16:47:13","modified_gmt":"2024-01-19T15:47:13","slug":"glockengopel","status":"publish","type":"page","link":"https:\/\/www.alttraktorenfreunde.de\/?page_id=48","title":{"rendered":"Glockeng\u00f6pel"},"content":{"rendered":"<p><strong>Restaurierungsarbeiten am Glockeng\u00f6pel<\/strong><\/p>\n<p>Es ist doch erstaunlich und erfreulich, dass alte, l\u00e4ngst in Vergessenheit geratene landwirtschaftliche Ger\u00e4te unverhofft wiederentdeckt werden. So passierte es auch im Sommer 1999 mit einem Glockeng\u00f6pel, der halb versunken auf dem Hof von Landwirt Magens in Ottenb\u00fcttel gefunden wurde. Er war nur noch ein Haufen Rost, alle Holzteile waren l\u00e4ngst verfault, er lie\u00df sich weder vorw\u00e4rts noch r\u00fcckw\u00e4rts drehen.<\/p>\n<p>In Gemeinschaftsarbeit wurde das &#8222;Goldst\u00fcck&#8220; verladen und nach Helse zu Hans Heinrich H\u00f6hrmann transportiert. Hier wurde er grob ges\u00e4ubert, vorsichtig zerlegt und vollst\u00e4ndig entrostet. Die Gussteile wurden mit Lein\u00f6l konserviert, die erhabenen Gussverzierungen mit Goldbronze gestrichen. In der Werkstatt von S\u00f6nke Sievers wurden in Gemeinschaftsarbeit die Holzbalken zugeschnitten, bearbeitet und schlie\u00dflich in Helse eingepasst. Die Eisenbeschl\u00e4ge der Holzbalken wurden liebevoll selbst geschmiedet.<\/p>\n<p>F\u00fcr die Restaurierung des G\u00f6pels wurden insgesamt 232 Arbeitsstunden gebraucht, davon 23 Maschinenstunden. An Materialkosten sind 312\u20ac angefallen, es wurden von den Mitgliedern insgesamt 770km verfahren.<\/p>\n<p>Mit Stolz konnten wir den aus seinem Dornr\u00f6schenschlaf erwachten Glockeng\u00f6pel auf dem Bauernmarkt in Wilster am 5 September 1999 erstmalig einem interessierten Publikum vorf\u00fchren.<\/p>\n<p><a href=\"https:\/\/www.alttraktorenfreunde.de\/wp-content\/uploads\/2011\/01\/goepel1.jpg\"><img loading=\"lazy\" decoding=\"async\" class=\"alignnone size-full wp-image-30\" title=\"Glockeng\u00f6pel\" src=\"https:\/\/www.alttraktorenfreunde.de\/wp-content\/uploads\/2011\/01\/goepel1.jpg\" alt=\"\" width=\"300\" height=\"225\" \/><\/a><\/p>\n<p>Der G\u00f6pel nach seiner Fertigstellung.<\/p>\n","protected":false},"excerpt":{"rendered":"<p>Restaurierungsarbeiten am Glockeng\u00f6pel Es ist doch erstaunlich und erfreulich, dass alte, l\u00e4ngst in Vergessenheit geratene landwirtschaftliche Ger\u00e4te unverhofft wiederentdeckt werden. So passierte es auch im Sommer 1999 mit einem Glockeng\u00f6pel, der halb versunken auf dem Hof von Landwirt Magens in &hellip; <a href=\"https:\/\/www.alttraktorenfreunde.de\/?page_id=48\">Weiterlesen <span class=\"meta-nav\">&rarr;<\/span><\/a><\/p>\n","protected":false},"author":1,"featured_media":0,"parent":16,"menu_order":4,"comment_status":"closed","ping_status":"open","template":"","meta":{"ngg_post_thumbnail":0,"_mc_calendar":[],"footnotes":""},"class_list":["post-48","page","type-page","status-publish","hentry"],"_links":{"self":[{"href":"https:\/\/www.alttraktorenfreunde.de\/index.php?rest_route=\/wp\/v2\/pages\/48","targetHints":{"allow":["GET"]}}],"collection":[{"href":"https:\/\/www.alttraktorenfreunde.de\/index.php?rest_route=\/wp\/v2\/pages"}],"about":[{"href":"https:\/\/www.alttraktorenfreunde.de\/index.php?rest_route=\/wp\/v2\/types\/page"}],"author":[{"embeddable":true,"href":"https:\/\/www.alttraktorenfreunde.de\/index.php?rest_route=\/wp\/v2\/users\/1"}],"replies":[{"embeddable":true,"href":"https:\/\/www.alttraktorenfreunde.de\/index.php?rest_route=%2Fwp%2Fv2%2Fcomments&post=48"}],"version-history":[{"count":6,"href":"https:\/\/www.alttraktorenfreunde.de\/index.php?rest_route=\/wp\/v2\/pages\/48\/revisions"}],"predecessor-version":[{"id":16248,"href":"https:\/\/www.alttraktorenfreunde.de\/index.php?rest_route=\/wp\/v2\/pages\/48\/revisions\/16248"}],"up":[{"embeddable":true,"href":"https:\/\/www.alttraktorenfreunde.de\/index.php?rest_route=\/wp\/v2\/pages\/16"}],"wp:attachment":[{"href":"https:\/\/www.alttraktorenfreunde.de\/index.php?rest_route=%2Fwp%2Fv2%2Fmedia&parent=48"}],"curies":[{"name":"wp","href":"https:\/\/api.w.org\/{rel}","templated":true}]}}