{"id":61,"date":"2011-01-20T15:56:29","date_gmt":"2011-01-20T14:56:29","guid":{"rendered":"http:\/\/www.alttraktorenfreunde.de\/?page_id=61"},"modified":"2011-08-04T17:31:21","modified_gmt":"2011-08-04T16:31:21","slug":"marktplatz","status":"publish","type":"page","link":"https:\/\/www.alttraktorenfreunde.de\/?page_id=61","title":{"rendered":"Marktplatz"},"content":{"rendered":"<p><strong>Suche<\/strong> f\u00fcr Unimog 411 Anbauger\u00e4te z.b.: Seilwinde, Front-Anbauplatte mit Galgen, Sattelkupplung, Riemenscheibe, Hackger\u00e4te, Anbaukompressor, usw.<br \/>\nHauke Mehlert Tel.: 04825\/2557<\/p>\n","protected":false},"excerpt":{"rendered":"<p>Suche f\u00fcr Unimog 411 Anbauger\u00e4te z.b.: Seilwinde, Front-Anbauplatte mit Galgen, Sattelkupplung, Riemenscheibe, Hackger\u00e4te, Anbaukompressor, usw. Hauke Mehlert Tel.: 04825\/2557<\/p>\n","protected":false},"author":1,"featured_media":0,"parent":0,"menu_order":6,"comment_status":"closed","ping_status":"open","template":"","meta":{"ngg_post_thumbnail":0,"_mc_calendar":[],"footnotes":""},"class_list":["post-61","page","type-page","status-publish","hentry"],"_links":{"self":[{"href":"https:\/\/www.alttraktorenfreunde.de\/index.php?rest_route=\/wp\/v2\/pages\/61","targetHints":{"allow":["GET"]}}],"collection":[{"href":"https:\/\/www.alttraktorenfreunde.de\/index.php?rest_route=\/wp\/v2\/pages"}],"about":[{"href":"https:\/\/www.alttraktorenfreunde.de\/index.php?rest_route=\/wp\/v2\/types\/page"}],"author":[{"embeddable":true,"href":"https:\/\/www.alttraktorenfreunde.de\/index.php?rest_route=\/wp\/v2\/users\/1"}],"replies":[{"embeddable":true,"href":"https:\/\/www.alttraktorenfreunde.de\/index.php?rest_route=%2Fwp%2Fv2%2Fcomments&post=61"}],"version-history":[{"count":3,"href":"https:\/\/www.alttraktorenfreunde.de\/index.php?rest_route=\/wp\/v2\/pages\/61\/revisions"}],"predecessor-version":[{"id":196,"href":"https:\/\/www.alttraktorenfreunde.de\/index.php?rest_route=\/wp\/v2\/pages\/61\/revisions\/196"}],"wp:attachment":[{"href":"https:\/\/www.alttraktorenfreunde.de\/index.php?rest_route=%2Fwp%2Fv2%2Fmedia&parent=61"}],"curies":[{"name":"wp","href":"https:\/\/api.w.org\/{rel}","templated":true}]}}